{"id":1255,"date":"2020-06-20T09:28:40","date_gmt":"2020-06-20T09:28:40","guid":{"rendered":"https:\/\/bodegasantacruz.com\/cueva-de-chaman-organic-white-wine\/"},"modified":"2020-08-08T06:18:17","modified_gmt":"2020-08-08T06:18:17","slug":"cueva-de-chaman-organic-white-wine","status":"publish","type":"product","link":"https:\/\/bodegasantacruz.com\/en\/cueva-de-chaman-organic-white-wine\/","title":{"rendered":"Cueva de Cham\u00e1n Organic White Wine"},"content":{"rendered":"<p>AWARDS:<\/p>\n<ul>\n<li>BIG BUNDLE AT THE XVII MANOJO AWARDS IN THE YOUNG WHITE CATEGORY<\/li>\n<li>GOLD MEDAL AT THE WORLD COMPETITION IN BRUSSELS 2018<\/li>\n<\/ul>\n","protected":false},"excerpt":{"rendered":"<p>Vino elaborado con la variedad aut\u00f3ctona de uva Sauvignon Blanc (100%).<\/p>\n<p>Posee un color limpio y brillante, buena l\u00e1grima, de color amarillo p\u00e1lido con reflejos verdosos. Tiene un aroma de intensidad media-alta, con claros recuerdos tropicales como pi\u00f1a y mango, a la vez que encontramos notas de manzana verde con un fondo anisado.<\/p>\n<p>En boca es de entrada dulce, fresco y equilibrado. Tiene una persistencia media y es f\u00e1cil de beber con un acentuado car\u00e1cter frutal. Cuenta con una sutil amargura final t\u00edpica de la variedad verdejo. Ideal para acompa\u00f1ar arroces, mariscos y pescados poco grasos. Recomendamos consumirlo en los dos a\u00f1os posteriores a su cosecha, con una temperatura ideal de 8\u00baC.<\/p>\n<p><a class=\"boton-descarga\" href=\"https:\/\/bodegasantacruz.com\/wp-content\/uploads\/2020\/06\/Chaman_Blanco_Ingles-1.pdf\" target=\"_blank\" rel=\"noopener noreferrer\">Download PDF<\/a><\/p>\n","protected":false},"featured_media":2682,"comment_status":"closed","ping_status":"closed","template":"","meta":{"_uag_custom_page_level_css":"","ocean_post_layout":"","ocean_both_sidebars_style":"","ocean_both_sidebars_content_width":0,"ocean_both_sidebars_sidebars_width":0,"ocean_sidebar":"0","ocean_second_sidebar":"0","ocean_disable_margins":"enable","ocean_add_body_class":"","ocean_shortcode_before_top_bar":"","ocean_shortcode_after_top_bar":"","ocean_shortcode_before_header":"","ocean_shortcode_after_header":"","ocean_has_shortcode":"","ocean_shortcode_after_title":"","ocean_shortcode_before_footer_widgets":"","ocean_shortcode_after_footer_widgets":"","ocean_shortcode_before_footer_bottom":"","ocean_shortcode_after_footer_bottom":"","ocean_display_top_bar":"default","ocean_display_header":"default","ocean_header_style":"","ocean_center_header_left_menu":"0","ocean_custom_header_template":"0","ocean_custom_logo":0,"ocean_custom_retina_logo":0,"ocean_custom_logo_max_width":0,"ocean_custom_logo_tablet_max_width":0,"ocean_custom_logo_mobile_max_width":0,"ocean_custom_logo_max_height":0,"ocean_custom_logo_tablet_max_height":0,"ocean_custom_logo_mobile_max_height":0,"ocean_header_custom_menu":"0","ocean_menu_typo_font_family":"0","ocean_menu_typo_font_subset":"","ocean_menu_typo_font_size":0,"ocean_menu_typo_font_size_tablet":0,"ocean_menu_typo_font_size_mobile":0,"ocean_menu_typo_font_size_unit":"px","ocean_menu_typo_font_weight":"","ocean_menu_typo_font_weight_tablet":"","ocean_menu_typo_font_weight_mobile":"","ocean_menu_typo_transform":"","ocean_menu_typo_transform_tablet":"","ocean_menu_typo_transform_mobile":"","ocean_menu_typo_line_height":0,"ocean_menu_typo_line_height_tablet":0,"ocean_menu_typo_line_height_mobile":0,"ocean_menu_typo_line_height_unit":"","ocean_menu_typo_spacing":0,"ocean_menu_typo_spacing_tablet":0,"ocean_menu_typo_spacing_mobile":0,"ocean_menu_typo_spacing_unit":"","ocean_menu_link_color":"","ocean_menu_link_color_hover":"","ocean_menu_link_color_active":"","ocean_menu_link_background":"","ocean_menu_link_hover_background":"","ocean_menu_link_active_background":"","ocean_menu_social_links_bg":"","ocean_menu_social_hover_links_bg":"","ocean_menu_social_links_color":"","ocean_menu_social_hover_links_color":"","ocean_disable_title":"default","ocean_disable_heading":"default","ocean_post_title":"","ocean_post_subheading":"","ocean_post_title_style":"","ocean_post_title_background_color":"","ocean_post_title_background":0,"ocean_post_title_bg_image_position":"","ocean_post_title_bg_image_attachment":"","ocean_post_title_bg_image_repeat":"","ocean_post_title_bg_image_size":"","ocean_post_title_height":0,"ocean_post_title_bg_overlay":0.5,"ocean_post_title_bg_overlay_color":"","ocean_disable_breadcrumbs":"default","ocean_breadcrumbs_color":"","ocean_breadcrumbs_separator_color":"","ocean_breadcrumbs_links_color":"","ocean_breadcrumbs_links_hover_color":"","ocean_display_footer_widgets":"default","ocean_display_footer_bottom":"default","ocean_custom_footer_template":"0"},"product_brand":[],"product_cat":[78],"product_tag":[],"class_list":{"0":"post-1255","1":"product","2":"type-product","3":"status-publish","4":"has-post-thumbnail","6":"product_cat-cueva-del-chaman-en","8":"entry","9":"has-media","11":"first","12":"instock","13":"taxable","14":"shipping-taxable","15":"purchasable","16":"product-type-simple","17":"has-product-nav","18":"col","19":"span_1_of_3","20":"owp-content-center","21":"item-entry","22":"owp-thumbs-layout-horizontal","23":"owp-btn-normal","24":"owp-tabs-layout-horizontal","25":"has-no-thumbnails"},"uagb_featured_image_src":{"full":["https:\/\/bodegasantacruz.com\/wp-content\/uploads\/2020\/06\/Cueva-del-Chaman_Sauvignon-Blanc_Santa-Cruz-de-Alpera.jpg",600,900,false],"thumbnail":["https:\/\/bodegasantacruz.com\/wp-content\/uploads\/2020\/06\/Cueva-del-Chaman_Sauvignon-Blanc_Santa-Cruz-de-Alpera-150x150.jpg",150,150,true],"medium":["https:\/\/bodegasantacruz.com\/wp-content\/uploads\/2020\/06\/Cueva-del-Chaman_Sauvignon-Blanc_Santa-Cruz-de-Alpera-200x300.jpg",200,300,true],"medium_large":["https:\/\/bodegasantacruz.com\/wp-content\/uploads\/2020\/06\/Cueva-del-Chaman_Sauvignon-Blanc_Santa-Cruz-de-Alpera.jpg",600,900,false],"large":["https:\/\/bodegasantacruz.com\/wp-content\/uploads\/2020\/06\/Cueva-del-Chaman_Sauvignon-Blanc_Santa-Cruz-de-Alpera.jpg",600,900,false],"1536x1536":["https:\/\/bodegasantacruz.com\/wp-content\/uploads\/2020\/06\/Cueva-del-Chaman_Sauvignon-Blanc_Santa-Cruz-de-Alpera.jpg",600,900,false],"2048x2048":["https:\/\/bodegasantacruz.com\/wp-content\/uploads\/2020\/06\/Cueva-del-Chaman_Sauvignon-Blanc_Santa-Cruz-de-Alpera.jpg",600,900,false],"ocean-thumb-m":["https:\/\/bodegasantacruz.com\/wp-content\/uploads\/2020\/06\/Cueva-del-Chaman_Sauvignon-Blanc_Santa-Cruz-de-Alpera-600x600.jpg",600,600,true],"ocean-thumb-ml":["https:\/\/bodegasantacruz.com\/wp-content\/uploads\/2020\/06\/Cueva-del-Chaman_Sauvignon-Blanc_Santa-Cruz-de-Alpera-600x450.jpg",600,450,true],"ocean-thumb-l":["https:\/\/bodegasantacruz.com\/wp-content\/uploads\/2020\/06\/Cueva-del-Chaman_Sauvignon-Blanc_Santa-Cruz-de-Alpera-600x700.jpg",600,700,true],"woocommerce_thumbnail":["https:\/\/bodegasantacruz.com\/wp-content\/uploads\/2020\/06\/Cueva-del-Chaman_Sauvignon-Blanc_Santa-Cruz-de-Alpera-265x398.jpg",265,398,true],"woocommerce_single":["https:\/\/bodegasantacruz.com\/wp-content\/uploads\/2020\/06\/Cueva-del-Chaman_Sauvignon-Blanc_Santa-Cruz-de-Alpera-504x756.jpg",504,756,true],"woocommerce_gallery_thumbnail":["https:\/\/bodegasantacruz.com\/wp-content\/uploads\/2020\/06\/Cueva-del-Chaman_Sauvignon-Blanc_Santa-Cruz-de-Alpera-100x100.jpg",100,100,true]},"uagb_author_info":{"display_name":"Web Master","author_link":"https:\/\/bodegasantacruz.com\/en\/author\/"},"uagb_comment_info":0,"uagb_excerpt":"Vino elaborado con la variedad aut\u00f3ctona de uva Sauvignon Blanc (100%). Posee un color limpio y brillante, buena l\u00e1grima, de color amarillo p\u00e1lido con reflejos verdosos. Tiene un aroma de intensidad media-alta, con claros recuerdos tropicales como pi\u00f1a y mango, a la vez que encontramos notas de manzana verde con un fondo anisado. En boca&hellip;","_links":{"self":[{"href":"https:\/\/bodegasantacruz.com\/en\/wp-json\/wp\/v2\/product\/1255","targetHints":{"allow":["GET"]}}],"collection":[{"href":"https:\/\/bodegasantacruz.com\/en\/wp-json\/wp\/v2\/product"}],"about":[{"href":"https:\/\/bodegasantacruz.com\/en\/wp-json\/wp\/v2\/types\/product"}],"replies":[{"embeddable":true,"href":"https:\/\/bodegasantacruz.com\/en\/wp-json\/wp\/v2\/comments?post=1255"}],"wp:featuredmedia":[{"embeddable":true,"href":"https:\/\/bodegasantacruz.com\/en\/wp-json\/wp\/v2\/media\/2682"}],"wp:attachment":[{"href":"https:\/\/bodegasantacruz.com\/en\/wp-json\/wp\/v2\/media?parent=1255"}],"wp:term":[{"taxonomy":"product_brand","embeddable":true,"href":"https:\/\/bodegasantacruz.com\/en\/wp-json\/wp\/v2\/product_brand?post=1255"},{"taxonomy":"product_cat","embeddable":true,"href":"https:\/\/bodegasantacruz.com\/en\/wp-json\/wp\/v2\/product_cat?post=1255"},{"taxonomy":"product_tag","embeddable":true,"href":"https:\/\/bodegasantacruz.com\/en\/wp-json\/wp\/v2\/product_tag?post=1255"}],"curies":[{"name":"wp","href":"https:\/\/api.w.org\/{rel}","templated":true}]}}